{"id":381,"date":"2024-11-04T18:46:34","date_gmt":"2024-11-04T18:46:34","guid":{"rendered":"https:\/\/templatecliente.com.br\/marchand\/?page_id=7"},"modified":"2025-03-25T13:25:49","modified_gmt":"2025-03-25T16:25:49","slug":"empresa","status":"publish","type":"page","link":"https:\/\/marchandchimie.com.br\/index.php\/empresa\/","title":{"rendered":"EMPRESA"},"content":{"rendered":"\t\t<div data-elementor-type=\"wp-page\" data-elementor-id=\"381\" class=\"elementor elementor-381\">\n\t\t\t\t<div class=\"elementor-element elementor-element-3d20110 e-flex e-con-boxed wpr-particle-no wpr-jarallax-no wpr-parallax-no wpr-sticky-section-no e-con e-parent\" data-id=\"3d20110\" data-element_type=\"container\" data-e-type=\"container\" data-settings=\"{&quot;background_background&quot;:&quot;classic&quot;}\">\n\t\t\t\t\t<div class=\"e-con-inner\">\n\t\t\t\t<div class=\"elementor-element elementor-element-efcffdb animated-slow elementor-invisible elementor-widget elementor-widget-heading\" data-id=\"efcffdb\" data-element_type=\"widget\" data-e-type=\"widget\" data-settings=\"{&quot;_animation&quot;:&quot;fadeInUp&quot;}\" data-widget_type=\"heading.default\">\n\t\t\t\t<div class=\"elementor-widget-container\">\n\t\t\t\t\t<h2 class=\"elementor-heading-title elementor-size-default\">SOMOS ESPECIALISTAS EM TRATAMENTO DE \u00c1GUA\nDE CALDEIRAS E SISTEMAS DE TROCA T\u00c9RMICA.<\/h2>\t\t\t\t<\/div>\n\t\t\t\t<\/div>\n\t\t\t\t\t<\/div>\n\t\t\t\t<\/div>\n\t\t<div class=\"elementor-element elementor-element-32b13d97 e-flex e-con-boxed wpr-particle-no wpr-jarallax-no wpr-parallax-no wpr-sticky-section-no e-con e-parent\" data-id=\"32b13d97\" data-element_type=\"container\" data-e-type=\"container\">\n\t\t\t\t\t<div class=\"e-con-inner\">\n\t\t<div class=\"elementor-element elementor-element-53905626 e-con-full e-flex wpr-particle-no wpr-jarallax-no wpr-parallax-no wpr-sticky-section-no e-con e-child\" data-id=\"53905626\" data-element_type=\"container\" data-e-type=\"container\">\n\t\t\t\t<div class=\"elementor-element elementor-element-c3f69dd elementor-widget elementor-widget-heading\" data-id=\"c3f69dd\" data-element_type=\"widget\" data-e-type=\"widget\" data-widget_type=\"heading.default\">\n\t\t\t\t<div class=\"elementor-widget-container\">\n\t\t\t\t\t<h2 class=\"elementor-heading-title elementor-size-default\">SOBRE N\u00d3S<\/h2>\t\t\t\t<\/div>\n\t\t\t\t<\/div>\n\t\t\t\t<\/div>\n\t\t<div class=\"elementor-element elementor-element-6b4e3111 e-con-full e-flex wpr-particle-no wpr-jarallax-no wpr-parallax-no wpr-sticky-section-no e-con e-child\" data-id=\"6b4e3111\" data-element_type=\"container\" data-e-type=\"container\">\n\t\t\t\t<div class=\"elementor-element elementor-element-5fe275c elementor-widget elementor-widget-text-editor\" data-id=\"5fe275c\" data-element_type=\"widget\" data-e-type=\"widget\" data-widget_type=\"text-editor.default\">\n\t\t\t\t<div class=\"elementor-widget-container\">\n\t\t\t\t\t\t\t\t\t<p><strong>A MARCHAND CHIMIE &#8211; Sistemas de Tratamento de \u00c1gua Ltda.<\/strong> \u00e9 uma empresa com mais de 30 anos de atua\u00e7\u00e3o no segmento de tratamento de \u00e1gua em caldeiras, circuitos de refrigera\u00e7\u00e3o, centrais de ar condicionado e processos industriais.<\/p><p>Com o objetivo de fornecer solu\u00e7\u00f5es definitivas para o tratamento da \u00e1gua de seus clientes, a MARCHAND CHIMIE analisa criteriosamente as condi\u00e7\u00f5es operacionais de cada sistema a ser tratado e fornece solu\u00e7\u00f5es personalizadas em produtos e servi\u00e7os.<\/p><p>Desta forma, a MARCHAND CHIMIE pode se adaptar \u00e0s diferentes demandas de cada um de seus clientes, garantindo sempre o melhor custo-benef\u00edcio.<\/p><p>Em sua planta localizada no Distrito Industrial de Cachoeirinha\/RS, abriga a sede administrativa, um moderno laborat\u00f3rio, o parque produtivo e o centro de distribui\u00e7\u00e3o capaz de atender todo o territ\u00f3rio nacional.<\/p>\t\t\t\t\t\t\t\t<\/div>\n\t\t\t\t<\/div>\n\t\t\t\t<\/div>\n\t\t\t\t\t<\/div>\n\t\t\t\t<\/div>\n\t\t\t\t<\/div>\n\t\t","protected":false},"excerpt":{"rendered":"<p>SOMOS ESPECIALISTAS EM TRATAMENTO DE \u00c1GUA DE CALDEIRAS E SISTEMAS DE TROCA T\u00c9RMICA. SOBRE N\u00d3S A MARCHAND CHIMIE &#8211; Sistemas de Tratamento de \u00c1gua Ltda. \u00e9 uma empresa com mais de 30 anos de atua\u00e7\u00e3o no segmento de tratamento de \u00e1gua em caldeiras, circuitos de refrigera\u00e7\u00e3o, centrais de ar condicionado e processos industriais. Com o objetivo de fornecer solu\u00e7\u00f5es definitivas para o tratamento da \u00e1gua de seus clientes, a MARCHAND CHIMIE analisa criteriosamente as condi\u00e7\u00f5es operacionais de cada sistema a ser tratado e fornece solu\u00e7\u00f5es personalizadas em produtos e servi\u00e7os. Desta forma, a MARCHAND CHIMIE pode se adaptar \u00e0s diferentes demandas de cada um de seus clientes, garantindo sempre o melhor custo-benef\u00edcio. Em sua planta localizada no Distrito Industrial de Cachoeirinha\/RS, abriga a sede administrativa, um moderno laborat\u00f3rio, o parque produtivo e o centro de distribui\u00e7\u00e3o capaz de atender todo o territ\u00f3rio nacional.<\/p>\n","protected":false},"author":1,"featured_media":0,"parent":0,"menu_order":0,"comment_status":"closed","ping_status":"closed","template":"","meta":{"site-sidebar-layout":"no-sidebar","site-content-layout":"","ast-site-content-layout":"full-width-container","site-content-style":"default","site-sidebar-style":"default","ast-global-header-display":"","ast-banner-title-visibility":"","ast-main-header-display":"","ast-hfb-above-header-display":"","ast-hfb-below-header-display":"","ast-hfb-mobile-header-display":"","site-post-title":"disabled","ast-breadcrumbs-content":"","ast-featured-img":"disabled","footer-sml-layout":"","ast-disable-related-posts":"","theme-transparent-header-meta":"","adv-header-id-meta":"","stick-header-meta":"","header-above-stick-meta":"","header-main-stick-meta":"","header-below-stick-meta":"","astra-migrate-meta-layouts":"default","ast-page-background-enabled":"default","ast-page-background-meta":{"desktop":{"background-color":"var(--ast-global-color-5)","background-image":"","background-repeat":"repeat","background-position":"center center","background-size":"auto","background-attachment":"scroll","background-type":"","background-media":"","overlay-type":"","overlay-color":"","overlay-opacity":"","overlay-gradient":""},"tablet":{"background-color":"","background-image":"","background-repeat":"repeat","background-position":"center center","background-size":"auto","background-attachment":"scroll","background-type":"","background-media":"","overlay-type":"","overlay-color":"","overlay-opacity":"","overlay-gradient":""},"mobile":{"background-color":"","background-image":"","background-repeat":"repeat","background-position":"center center","background-size":"auto","background-attachment":"scroll","background-type":"","background-media":"","overlay-type":"","overlay-color":"","overlay-opacity":"","overlay-gradient":""}},"ast-content-background-meta":{"desktop":{"background-color":"var(--ast-global-color-4)","background-image":"","background-repeat":"repeat","background-position":"center center","background-size":"auto","background-attachment":"scroll","background-type":"","background-media":"","overlay-type":"","overlay-color":"","overlay-opacity":"","overlay-gradient":""},"tablet":{"background-color":"var(--ast-global-color-4)","background-image":"","background-repeat":"repeat","background-position":"center center","background-size":"auto","background-attachment":"scroll","background-type":"","background-media":"","overlay-type":"","overlay-color":"","overlay-opacity":"","overlay-gradient":""},"mobile":{"background-color":"var(--ast-global-color-4)","background-image":"","background-repeat":"repeat","background-position":"center center","background-size":"auto","background-attachment":"scroll","background-type":"","background-media":"","overlay-type":"","overlay-color":"","overlay-opacity":"","overlay-gradient":""}},"footnotes":""},"class_list":["post-381","page","type-page","status-publish","hentry"],"_links":{"self":[{"href":"https:\/\/marchandchimie.com.br\/index.php\/wp-json\/wp\/v2\/pages\/381","targetHints":{"allow":["GET"]}}],"collection":[{"href":"https:\/\/marchandchimie.com.br\/index.php\/wp-json\/wp\/v2\/pages"}],"about":[{"href":"https:\/\/marchandchimie.com.br\/index.php\/wp-json\/wp\/v2\/types\/page"}],"author":[{"embeddable":true,"href":"https:\/\/marchandchimie.com.br\/index.php\/wp-json\/wp\/v2\/users\/1"}],"replies":[{"embeddable":true,"href":"https:\/\/marchandchimie.com.br\/index.php\/wp-json\/wp\/v2\/comments?post=381"}],"version-history":[{"count":7,"href":"https:\/\/marchandchimie.com.br\/index.php\/wp-json\/wp\/v2\/pages\/381\/revisions"}],"predecessor-version":[{"id":487,"href":"https:\/\/marchandchimie.com.br\/index.php\/wp-json\/wp\/v2\/pages\/381\/revisions\/487"}],"wp:attachment":[{"href":"https:\/\/marchandchimie.com.br\/index.php\/wp-json\/wp\/v2\/media?parent=381"}],"curies":[{"name":"wp","href":"https:\/\/api.w.org\/{rel}","templated":true}]}}