{"id":16,"date":"2024-11-04T18:47:30","date_gmt":"2024-11-04T18:47:30","guid":{"rendered":"https:\/\/templatecliente.com.br\/marchand\/?page_id=16"},"modified":"2025-03-25T13:19:46","modified_gmt":"2025-03-25T16:19:46","slug":"vistorias","status":"publish","type":"page","link":"https:\/\/marchandchimie.com.br\/index.php\/vistorias\/","title":{"rendered":"VISTORIAS"},"content":{"rendered":"\t\t<div data-elementor-type=\"wp-page\" data-elementor-id=\"16\" class=\"elementor elementor-16\">\n\t\t\t\t<div class=\"elementor-element elementor-element-6f4a7690 e-flex e-con-boxed wpr-particle-no wpr-jarallax-no wpr-parallax-no wpr-sticky-section-no e-con e-parent\" data-id=\"6f4a7690\" data-element_type=\"container\" data-e-type=\"container\" data-settings=\"{&quot;background_background&quot;:&quot;classic&quot;}\">\n\t\t\t\t\t<div class=\"e-con-inner\">\n\t\t\t\t<div class=\"elementor-element elementor-element-2be58327 animated-slow elementor-invisible elementor-widget elementor-widget-heading\" data-id=\"2be58327\" data-element_type=\"widget\" data-e-type=\"widget\" data-settings=\"{&quot;_animation&quot;:&quot;fadeInUp&quot;}\" data-widget_type=\"heading.default\">\n\t\t\t\t<div class=\"elementor-widget-container\">\n\t\t\t\t\t<h2 class=\"elementor-heading-title elementor-size-default\">SURPREENDA-SE COM OS RESULTADOS DA SISTEM\u00c1TICA DE TRATAMENTO DE \u00c1GUA DA MARCHAND CHIMIE<\/h2>\t\t\t\t<\/div>\n\t\t\t\t<\/div>\n\t\t\t\t\t<\/div>\n\t\t\t\t<\/div>\n\t\t<div class=\"elementor-element elementor-element-63cfbd17 e-flex e-con-boxed wpr-particle-no wpr-jarallax-no wpr-parallax-no wpr-sticky-section-no e-con e-parent\" data-id=\"63cfbd17\" data-element_type=\"container\" data-e-type=\"container\">\n\t\t\t\t\t<div class=\"e-con-inner\">\n\t\t<div class=\"elementor-element elementor-element-148a35f0 e-con-full e-flex wpr-particle-no wpr-jarallax-no wpr-parallax-no wpr-sticky-section-no e-con e-child\" data-id=\"148a35f0\" data-element_type=\"container\" data-e-type=\"container\">\n\t\t\t\t<div class=\"elementor-element elementor-element-571c2092 elementor-widget elementor-widget-text-editor\" data-id=\"571c2092\" data-element_type=\"widget\" data-e-type=\"widget\" data-widget_type=\"text-editor.default\">\n\t\t\t\t<div class=\"elementor-widget-container\">\n\t\t\t\t\t\t\t\t\t<p>Para apresentar a melhor solu\u00e7\u00e3o de tratamento a um cliente, os consultores da <strong>MARCHAND CHIMIE<\/strong> realizam uma visita t\u00e9cnica e coletam os dados operacionais e amostras de \u00e1gua dos sistemas.<\/p><p>Baseado nestes dados, nosso departamento de Engenharia e Produtos define a melhor sistem\u00e1tica de tratamento a ser implantada.<\/p><p>Normalmente, ap\u00f3s 90 dias de tratamento j\u00e1 \u00e9 poss\u00edvel se observar os avan\u00e7os obtidos no controle e remo\u00e7\u00e3o gradativa de incrusta\u00e7\u00f5es presentes em sistemas de troca t\u00e9rmica, como caldeiras e condensadores.<\/p>\t\t\t\t\t\t\t\t<\/div>\n\t\t\t\t<\/div>\n\t\t\t\t<\/div>\n\t\t\t\t\t<\/div>\n\t\t\t\t<\/div>\n\t\t<div class=\"elementor-element elementor-element-2c4c887 e-grid e-con-boxed wpr-particle-no wpr-jarallax-no wpr-parallax-no wpr-sticky-section-no e-con e-parent\" data-id=\"2c4c887\" data-element_type=\"container\" data-e-type=\"container\">\n\t\t\t\t\t<div class=\"e-con-inner\">\n\t\t\t\t<div class=\"elementor-element elementor-element-3c5db4d elementor-widget elementor-widget-image\" data-id=\"3c5db4d\" data-element_type=\"widget\" data-e-type=\"widget\" data-widget_type=\"image.default\">\n\t\t\t\t<div class=\"elementor-widget-container\">\n\t\t\t\t\t\t\t\t\t\t\t\t\t\t\t<img fetchpriority=\"high\" decoding=\"async\" width=\"1024\" height=\"1024\" src=\"https:\/\/marchandchimie.com.br\/wp-content\/uploads\/2025\/02\/1-2-1024x1024.jpg\" class=\"attachment-large size-large wp-image-377\" alt=\"\" srcset=\"https:\/\/marchandchimie.com.br\/wp-content\/uploads\/2025\/02\/1-2-1024x1024.jpg 1024w, https:\/\/marchandchimie.com.br\/wp-content\/uploads\/2025\/02\/1-2-300x300.jpg 300w, https:\/\/marchandchimie.com.br\/wp-content\/uploads\/2025\/02\/1-2-150x150.jpg 150w, https:\/\/marchandchimie.com.br\/wp-content\/uploads\/2025\/02\/1-2-768x768.jpg 768w, https:\/\/marchandchimie.com.br\/wp-content\/uploads\/2025\/02\/1-2.jpg 1080w\" sizes=\"(max-width: 1024px) 100vw, 1024px\" \/>\t\t\t\t\t\t\t\t\t\t\t\t\t\t\t<\/div>\n\t\t\t\t<\/div>\n\t\t\t\t<div class=\"elementor-element elementor-element-382f16f elementor-widget elementor-widget-image\" data-id=\"382f16f\" data-element_type=\"widget\" data-e-type=\"widget\" data-widget_type=\"image.default\">\n\t\t\t\t<div class=\"elementor-widget-container\">\n\t\t\t\t\t\t\t\t\t\t\t\t\t\t\t<img decoding=\"async\" width=\"1024\" height=\"1024\" src=\"https:\/\/marchandchimie.com.br\/wp-content\/uploads\/2025\/02\/2-2-1024x1024.jpg\" class=\"attachment-large size-large wp-image-378\" alt=\"\" srcset=\"https:\/\/marchandchimie.com.br\/wp-content\/uploads\/2025\/02\/2-2-1024x1024.jpg 1024w, https:\/\/marchandchimie.com.br\/wp-content\/uploads\/2025\/02\/2-2-300x300.jpg 300w, https:\/\/marchandchimie.com.br\/wp-content\/uploads\/2025\/02\/2-2-150x150.jpg 150w, https:\/\/marchandchimie.com.br\/wp-content\/uploads\/2025\/02\/2-2-768x768.jpg 768w, https:\/\/marchandchimie.com.br\/wp-content\/uploads\/2025\/02\/2-2.jpg 1080w\" sizes=\"(max-width: 1024px) 100vw, 1024px\" \/>\t\t\t\t\t\t\t\t\t\t\t\t\t\t\t<\/div>\n\t\t\t\t<\/div>\n\t\t\t\t\t<\/div>\n\t\t\t\t<\/div>\n\t\t<div class=\"elementor-element elementor-element-8e1fac7 e-grid e-con-boxed wpr-particle-no wpr-jarallax-no wpr-parallax-no wpr-sticky-section-no e-con e-parent\" data-id=\"8e1fac7\" data-element_type=\"container\" data-e-type=\"container\">\n\t\t\t\t\t<div class=\"e-con-inner\">\n\t\t\t\t<div class=\"elementor-element elementor-element-9da8bec elementor-widget elementor-widget-image\" data-id=\"9da8bec\" data-element_type=\"widget\" data-e-type=\"widget\" data-widget_type=\"image.default\">\n\t\t\t\t<div class=\"elementor-widget-container\">\n\t\t\t\t\t\t\t\t\t\t\t\t\t\t\t<img decoding=\"async\" width=\"1024\" height=\"1024\" src=\"https:\/\/marchandchimie.com.br\/wp-content\/uploads\/2025\/02\/3-2-1024x1024.jpg\" class=\"attachment-large size-large wp-image-379\" alt=\"\" srcset=\"https:\/\/marchandchimie.com.br\/wp-content\/uploads\/2025\/02\/3-2-1024x1024.jpg 1024w, https:\/\/marchandchimie.com.br\/wp-content\/uploads\/2025\/02\/3-2-300x300.jpg 300w, https:\/\/marchandchimie.com.br\/wp-content\/uploads\/2025\/02\/3-2-150x150.jpg 150w, https:\/\/marchandchimie.com.br\/wp-content\/uploads\/2025\/02\/3-2-768x768.jpg 768w, https:\/\/marchandchimie.com.br\/wp-content\/uploads\/2025\/02\/3-2.jpg 1080w\" sizes=\"(max-width: 1024px) 100vw, 1024px\" \/>\t\t\t\t\t\t\t\t\t\t\t\t\t\t\t<\/div>\n\t\t\t\t<\/div>\n\t\t\t\t<div class=\"elementor-element elementor-element-e005cf2 elementor-widget elementor-widget-image\" data-id=\"e005cf2\" data-element_type=\"widget\" data-e-type=\"widget\" data-widget_type=\"image.default\">\n\t\t\t\t<div class=\"elementor-widget-container\">\n\t\t\t\t\t\t\t\t\t\t\t\t\t\t\t<img decoding=\"async\" src=\"https:\/\/templatecliente.com.br\/marchand\/wp-content\/uploads\/2025\/02\/4.jpg\" title=\"\" alt=\"\" loading=\"lazy\" \/>\t\t\t\t\t\t\t\t\t\t\t\t\t\t\t<\/div>\n\t\t\t\t<\/div>\n\t\t\t\t\t<\/div>\n\t\t\t\t<\/div>\n\t\t<div class=\"elementor-element elementor-element-b22cd32 e-grid e-con-boxed wpr-particle-no wpr-jarallax-no wpr-parallax-no wpr-sticky-section-no e-con e-parent\" data-id=\"b22cd32\" data-element_type=\"container\" data-e-type=\"container\">\n\t\t\t\t\t<div class=\"e-con-inner\">\n\t\t\t\t<div class=\"elementor-element elementor-element-24b9675 elementor-widget elementor-widget-image\" data-id=\"24b9675\" data-element_type=\"widget\" data-e-type=\"widget\" data-widget_type=\"image.default\">\n\t\t\t\t<div class=\"elementor-widget-container\">\n\t\t\t\t\t\t\t\t\t\t\t\t\t\t\t<img loading=\"lazy\" decoding=\"async\" width=\"1024\" height=\"1024\" src=\"https:\/\/marchandchimie.com.br\/wp-content\/uploads\/2024\/11\/5-1024x1024.jpg\" class=\"attachment-large size-large wp-image-115\" alt=\"\" srcset=\"https:\/\/marchandchimie.com.br\/wp-content\/uploads\/2024\/11\/5-1024x1024.jpg 1024w, https:\/\/marchandchimie.com.br\/wp-content\/uploads\/2024\/11\/5-300x300.jpg 300w, https:\/\/marchandchimie.com.br\/wp-content\/uploads\/2024\/11\/5-150x150.jpg 150w, https:\/\/marchandchimie.com.br\/wp-content\/uploads\/2024\/11\/5-768x768.jpg 768w, https:\/\/marchandchimie.com.br\/wp-content\/uploads\/2024\/11\/5.jpg 1080w\" sizes=\"(max-width: 1024px) 100vw, 1024px\" \/>\t\t\t\t\t\t\t\t\t\t\t\t\t\t\t<\/div>\n\t\t\t\t<\/div>\n\t\t\t\t<div class=\"elementor-element elementor-element-9199abd elementor-widget elementor-widget-image\" data-id=\"9199abd\" data-element_type=\"widget\" data-e-type=\"widget\" data-widget_type=\"image.default\">\n\t\t\t\t<div class=\"elementor-widget-container\">\n\t\t\t\t\t\t\t\t\t\t\t\t\t\t\t<img loading=\"lazy\" decoding=\"async\" width=\"1024\" height=\"1024\" src=\"https:\/\/marchandchimie.com.br\/wp-content\/uploads\/2024\/11\/1-1-1024x1024.jpg\" class=\"attachment-large size-large wp-image-114\" alt=\"\" srcset=\"https:\/\/marchandchimie.com.br\/wp-content\/uploads\/2024\/11\/1-1-1024x1024.jpg 1024w, https:\/\/marchandchimie.com.br\/wp-content\/uploads\/2024\/11\/1-1-300x300.jpg 300w, https:\/\/marchandchimie.com.br\/wp-content\/uploads\/2024\/11\/1-1-150x150.jpg 150w, https:\/\/marchandchimie.com.br\/wp-content\/uploads\/2024\/11\/1-1-768x768.jpg 768w, https:\/\/marchandchimie.com.br\/wp-content\/uploads\/2024\/11\/1-1.jpg 1080w\" sizes=\"(max-width: 1024px) 100vw, 1024px\" \/>\t\t\t\t\t\t\t\t\t\t\t\t\t\t\t<\/div>\n\t\t\t\t<\/div>\n\t\t\t\t\t<\/div>\n\t\t\t\t<\/div>\n\t\t<div class=\"elementor-element elementor-element-88a6925 e-grid e-con-boxed wpr-particle-no wpr-jarallax-no wpr-parallax-no wpr-sticky-section-no e-con e-parent\" data-id=\"88a6925\" data-element_type=\"container\" data-e-type=\"container\">\n\t\t\t\t\t<div class=\"e-con-inner\">\n\t\t\t\t<div class=\"elementor-element elementor-element-4da3a34 elementor-widget elementor-widget-image\" data-id=\"4da3a34\" data-element_type=\"widget\" data-e-type=\"widget\" data-widget_type=\"image.default\">\n\t\t\t\t<div class=\"elementor-widget-container\">\n\t\t\t\t\t\t\t\t\t\t\t\t\t\t\t<img loading=\"lazy\" decoding=\"async\" width=\"1024\" height=\"1024\" src=\"https:\/\/marchandchimie.com.br\/wp-content\/uploads\/2024\/11\/4-1024x1024.jpg\" class=\"attachment-large size-large wp-image-116\" alt=\"\" srcset=\"https:\/\/marchandchimie.com.br\/wp-content\/uploads\/2024\/11\/4-1024x1024.jpg 1024w, https:\/\/marchandchimie.com.br\/wp-content\/uploads\/2024\/11\/4-300x300.jpg 300w, https:\/\/marchandchimie.com.br\/wp-content\/uploads\/2024\/11\/4-150x150.jpg 150w, https:\/\/marchandchimie.com.br\/wp-content\/uploads\/2024\/11\/4-768x768.jpg 768w, https:\/\/marchandchimie.com.br\/wp-content\/uploads\/2024\/11\/4.jpg 1080w\" sizes=\"(max-width: 1024px) 100vw, 1024px\" \/>\t\t\t\t\t\t\t\t\t\t\t\t\t\t\t<\/div>\n\t\t\t\t<\/div>\n\t\t\t\t<div class=\"elementor-element elementor-element-862cc52 elementor-widget elementor-widget-image\" data-id=\"862cc52\" data-element_type=\"widget\" data-e-type=\"widget\" data-widget_type=\"image.default\">\n\t\t\t\t<div class=\"elementor-widget-container\">\n\t\t\t\t\t\t\t\t\t\t\t\t\t\t\t<img loading=\"lazy\" decoding=\"async\" width=\"1024\" height=\"1024\" src=\"https:\/\/marchandchimie.com.br\/wp-content\/uploads\/2024\/11\/6-1024x1024.jpg\" class=\"attachment-large size-large wp-image-117\" alt=\"\" srcset=\"https:\/\/marchandchimie.com.br\/wp-content\/uploads\/2024\/11\/6-1024x1024.jpg 1024w, https:\/\/marchandchimie.com.br\/wp-content\/uploads\/2024\/11\/6-300x300.jpg 300w, https:\/\/marchandchimie.com.br\/wp-content\/uploads\/2024\/11\/6-150x150.jpg 150w, https:\/\/marchandchimie.com.br\/wp-content\/uploads\/2024\/11\/6-768x768.jpg 768w, https:\/\/marchandchimie.com.br\/wp-content\/uploads\/2024\/11\/6.jpg 1080w\" sizes=\"(max-width: 1024px) 100vw, 1024px\" \/>\t\t\t\t\t\t\t\t\t\t\t\t\t\t\t<\/div>\n\t\t\t\t<\/div>\n\t\t\t\t\t<\/div>\n\t\t\t\t<\/div>\n\t\t<div class=\"elementor-element elementor-element-948c952 e-grid e-con-boxed wpr-particle-no wpr-jarallax-no wpr-parallax-no wpr-sticky-section-no e-con e-parent\" data-id=\"948c952\" data-element_type=\"container\" data-e-type=\"container\">\n\t\t\t\t\t<div class=\"e-con-inner\">\n\t\t\t\t<div class=\"elementor-element elementor-element-733991a elementor-widget elementor-widget-image\" data-id=\"733991a\" data-element_type=\"widget\" data-e-type=\"widget\" data-widget_type=\"image.default\">\n\t\t\t\t<div class=\"elementor-widget-container\">\n\t\t\t\t\t\t\t\t\t\t\t\t\t\t\t<img loading=\"lazy\" decoding=\"async\" width=\"1024\" height=\"1024\" src=\"https:\/\/marchandchimie.com.br\/wp-content\/uploads\/2024\/11\/3-1-1024x1024.jpg\" class=\"attachment-large size-large wp-image-118\" alt=\"\" srcset=\"https:\/\/marchandchimie.com.br\/wp-content\/uploads\/2024\/11\/3-1-1024x1024.jpg 1024w, https:\/\/marchandchimie.com.br\/wp-content\/uploads\/2024\/11\/3-1-300x300.jpg 300w, https:\/\/marchandchimie.com.br\/wp-content\/uploads\/2024\/11\/3-1-150x150.jpg 150w, https:\/\/marchandchimie.com.br\/wp-content\/uploads\/2024\/11\/3-1-768x768.jpg 768w, https:\/\/marchandchimie.com.br\/wp-content\/uploads\/2024\/11\/3-1.jpg 1080w\" sizes=\"(max-width: 1024px) 100vw, 1024px\" \/>\t\t\t\t\t\t\t\t\t\t\t\t\t\t\t<\/div>\n\t\t\t\t<\/div>\n\t\t\t\t<div class=\"elementor-element elementor-element-82f6236 elementor-widget elementor-widget-image\" data-id=\"82f6236\" data-element_type=\"widget\" data-e-type=\"widget\" data-widget_type=\"image.default\">\n\t\t\t\t<div class=\"elementor-widget-container\">\n\t\t\t\t\t\t\t\t\t\t\t\t\t\t\t<img loading=\"lazy\" decoding=\"async\" width=\"1024\" height=\"1024\" src=\"https:\/\/marchandchimie.com.br\/wp-content\/uploads\/2024\/11\/2-1-1024x1024.jpg\" class=\"attachment-large size-large wp-image-119\" alt=\"\" srcset=\"https:\/\/marchandchimie.com.br\/wp-content\/uploads\/2024\/11\/2-1-1024x1024.jpg 1024w, https:\/\/marchandchimie.com.br\/wp-content\/uploads\/2024\/11\/2-1-300x300.jpg 300w, https:\/\/marchandchimie.com.br\/wp-content\/uploads\/2024\/11\/2-1-150x150.jpg 150w, https:\/\/marchandchimie.com.br\/wp-content\/uploads\/2024\/11\/2-1-768x768.jpg 768w, https:\/\/marchandchimie.com.br\/wp-content\/uploads\/2024\/11\/2-1.jpg 1080w\" sizes=\"(max-width: 1024px) 100vw, 1024px\" \/>\t\t\t\t\t\t\t\t\t\t\t\t\t\t\t<\/div>\n\t\t\t\t<\/div>\n\t\t\t\t\t<\/div>\n\t\t\t\t<\/div>\n\t\t<div class=\"elementor-element elementor-element-963f2de e-flex e-con-boxed wpr-particle-no wpr-jarallax-no wpr-parallax-no wpr-sticky-section-no e-con e-parent\" data-id=\"963f2de\" data-element_type=\"container\" data-e-type=\"container\">\n\t\t\t\t\t<div class=\"e-con-inner\">\n\t\t<div class=\"elementor-element elementor-element-1e24558 e-con-full e-flex wpr-particle-no wpr-jarallax-no wpr-parallax-no wpr-sticky-section-no e-con e-child\" data-id=\"1e24558\" data-element_type=\"container\" data-e-type=\"container\">\n\t\t\t\t<\/div>\n\t\t<div class=\"elementor-element elementor-element-a6161a5 e-con-full e-flex wpr-particle-no wpr-jarallax-no wpr-parallax-no wpr-sticky-section-no e-con e-child\" data-id=\"a6161a5\" data-element_type=\"container\" data-e-type=\"container\">\n\t\t\t\t<\/div>\n\t\t\t\t\t<\/div>\n\t\t\t\t<\/div>\n\t\t\t\t<\/div>\n\t\t","protected":false},"excerpt":{"rendered":"<p>SURPREENDA-SE COM OS RESULTADOS DA SISTEM\u00c1TICA DE TRATAMENTO DE \u00c1GUA DA MARCHAND CHIMIE Para apresentar a melhor solu\u00e7\u00e3o de tratamento a um cliente, os consultores da MARCHAND CHIMIE realizam uma visita t\u00e9cnica e coletam os dados operacionais e amostras de \u00e1gua dos sistemas. Baseado nestes dados, nosso departamento de Engenharia e Produtos define a melhor sistem\u00e1tica de tratamento a ser implantada. Normalmente, ap\u00f3s 90 dias de tratamento j\u00e1 \u00e9 poss\u00edvel se observar os avan\u00e7os obtidos no controle e remo\u00e7\u00e3o gradativa de incrusta\u00e7\u00f5es presentes em sistemas de troca t\u00e9rmica, como caldeiras e condensadores.<\/p>\n","protected":false},"author":1,"featured_media":0,"parent":0,"menu_order":0,"comment_status":"closed","ping_status":"closed","template":"","meta":{"site-sidebar-layout":"no-sidebar","site-content-layout":"","ast-site-content-layout":"full-width-container","site-content-style":"default","site-sidebar-style":"default","ast-global-header-display":"","ast-banner-title-visibility":"","ast-main-header-display":"","ast-hfb-above-header-display":"","ast-hfb-below-header-display":"","ast-hfb-mobile-header-display":"","site-post-title":"disabled","ast-breadcrumbs-content":"","ast-featured-img":"disabled","footer-sml-layout":"","ast-disable-related-posts":"","theme-transparent-header-meta":"","adv-header-id-meta":"","stick-header-meta":"","header-above-stick-meta":"","header-main-stick-meta":"","header-below-stick-meta":"","astra-migrate-meta-layouts":"default","ast-page-background-enabled":"default","ast-page-background-meta":{"desktop":{"background-color":"var(--ast-global-color-5)","background-image":"","background-repeat":"repeat","background-position":"center center","background-size":"auto","background-attachment":"scroll","background-type":"","background-media":"","overlay-type":"","overlay-color":"","overlay-opacity":"","overlay-gradient":""},"tablet":{"background-color":"","background-image":"","background-repeat":"repeat","background-position":"center center","background-size":"auto","background-attachment":"scroll","background-type":"","background-media":"","overlay-type":"","overlay-color":"","overlay-opacity":"","overlay-gradient":""},"mobile":{"background-color":"","background-image":"","background-repeat":"repeat","background-position":"center center","background-size":"auto","background-attachment":"scroll","background-type":"","background-media":"","overlay-type":"","overlay-color":"","overlay-opacity":"","overlay-gradient":""}},"ast-content-background-meta":{"desktop":{"background-color":"var(--ast-global-color-4)","background-image":"","background-repeat":"repeat","background-position":"center center","background-size":"auto","background-attachment":"scroll","background-type":"","background-media":"","overlay-type":"","overlay-color":"","overlay-opacity":"","overlay-gradient":""},"tablet":{"background-color":"var(--ast-global-color-4)","background-image":"","background-repeat":"repeat","background-position":"center center","background-size":"auto","background-attachment":"scroll","background-type":"","background-media":"","overlay-type":"","overlay-color":"","overlay-opacity":"","overlay-gradient":""},"mobile":{"background-color":"var(--ast-global-color-4)","background-image":"","background-repeat":"repeat","background-position":"center center","background-size":"auto","background-attachment":"scroll","background-type":"","background-media":"","overlay-type":"","overlay-color":"","overlay-opacity":"","overlay-gradient":""}},"footnotes":""},"class_list":["post-16","page","type-page","status-publish","hentry"],"_links":{"self":[{"href":"https:\/\/marchandchimie.com.br\/index.php\/wp-json\/wp\/v2\/pages\/16","targetHints":{"allow":["GET"]}}],"collection":[{"href":"https:\/\/marchandchimie.com.br\/index.php\/wp-json\/wp\/v2\/pages"}],"about":[{"href":"https:\/\/marchandchimie.com.br\/index.php\/wp-json\/wp\/v2\/types\/page"}],"author":[{"embeddable":true,"href":"https:\/\/marchandchimie.com.br\/index.php\/wp-json\/wp\/v2\/users\/1"}],"replies":[{"embeddable":true,"href":"https:\/\/marchandchimie.com.br\/index.php\/wp-json\/wp\/v2\/comments?post=16"}],"version-history":[{"count":10,"href":"https:\/\/marchandchimie.com.br\/index.php\/wp-json\/wp\/v2\/pages\/16\/revisions"}],"predecessor-version":[{"id":475,"href":"https:\/\/marchandchimie.com.br\/index.php\/wp-json\/wp\/v2\/pages\/16\/revisions\/475"}],"wp:attachment":[{"href":"https:\/\/marchandchimie.com.br\/index.php\/wp-json\/wp\/v2\/media?parent=16"}],"curies":[{"name":"wp","href":"https:\/\/api.w.org\/{rel}","templated":true}]}}