{"id":12,"date":"2024-11-04T18:47:01","date_gmt":"2024-11-04T18:47:01","guid":{"rendered":"https:\/\/templatecliente.com.br\/marchand\/?page_id=12"},"modified":"2025-03-25T13:25:04","modified_gmt":"2025-03-25T16:25:04","slug":"servicos","status":"publish","type":"page","link":"https:\/\/marchandchimie.com.br\/index.php\/servicos\/","title":{"rendered":"SERVI\u00c7OS"},"content":{"rendered":"\t\t<div data-elementor-type=\"wp-page\" data-elementor-id=\"12\" class=\"elementor elementor-12\">\n\t\t\t\t<div class=\"elementor-element elementor-element-6eaeab5c e-flex e-con-boxed wpr-particle-no wpr-jarallax-no wpr-parallax-no wpr-sticky-section-no e-con e-parent\" data-id=\"6eaeab5c\" data-element_type=\"container\" data-e-type=\"container\" data-settings=\"{&quot;background_background&quot;:&quot;classic&quot;}\">\n\t\t\t\t\t<div class=\"e-con-inner\">\n\t\t\t\t<div class=\"elementor-element elementor-element-7e086c82 animated-slow elementor-invisible elementor-widget elementor-widget-heading\" data-id=\"7e086c82\" data-element_type=\"widget\" data-e-type=\"widget\" data-settings=\"{&quot;_animation&quot;:&quot;fadeInUp&quot;}\" data-widget_type=\"heading.default\">\n\t\t\t\t<div class=\"elementor-widget-container\">\n\t\t\t\t\t<h2 class=\"elementor-heading-title elementor-size-default\">ALINHANDO TECNOLOGIA DE PONTA A UM ATENDIMENTO PERSONALIZADO PARA CADA UM DE NOSSOS CLIENTES<\/h2>\t\t\t\t<\/div>\n\t\t\t\t<\/div>\n\t\t\t\t\t<\/div>\n\t\t\t\t<\/div>\n\t\t<div class=\"elementor-element elementor-element-2a87c9c4 e-flex e-con-boxed wpr-particle-no wpr-jarallax-no wpr-parallax-no wpr-sticky-section-no e-con e-parent\" data-id=\"2a87c9c4\" data-element_type=\"container\" data-e-type=\"container\" data-settings=\"{&quot;background_background&quot;:&quot;classic&quot;}\">\n\t\t\t\t\t<div class=\"e-con-inner\">\n\t\t<div class=\"elementor-element elementor-element-81765f5 e-con-full e-flex wpr-particle-no wpr-jarallax-no wpr-parallax-no wpr-sticky-section-no e-con e-child\" data-id=\"81765f5\" data-element_type=\"container\" data-e-type=\"container\">\n\t\t\t\t<div class=\"elementor-element elementor-element-88b97b0 elementor-widget elementor-widget-heading\" data-id=\"88b97b0\" data-element_type=\"widget\" data-e-type=\"widget\" data-widget_type=\"heading.default\">\n\t\t\t\t<div class=\"elementor-widget-container\">\n\t\t\t\t\t<h2 class=\"elementor-heading-title elementor-size-default\">Contando com um corpo t\u00e9cnico altamente qualificado, a MARCHAND CHIMIE est\u00e1 preparada para apresentar a melhor solu\u00e7\u00e3o em tratamento de\n\u00e1gua.<\/h2>\t\t\t\t<\/div>\n\t\t\t\t<\/div>\n\t\t\t\t<\/div>\n\t\t\t\t\t<\/div>\n\t\t\t\t<\/div>\n\t\t<div class=\"elementor-element elementor-element-feafc2d e-flex e-con-boxed wpr-particle-no wpr-jarallax-no wpr-parallax-no wpr-sticky-section-no e-con e-parent\" data-id=\"feafc2d\" data-element_type=\"container\" data-e-type=\"container\" data-settings=\"{&quot;background_background&quot;:&quot;classic&quot;}\">\n\t\t\t\t\t<div class=\"e-con-inner\">\n\t\t<div class=\"elementor-element elementor-element-a249614 e-con-full e-flex wpr-particle-no wpr-jarallax-no wpr-parallax-no wpr-sticky-section-no e-con e-child\" data-id=\"a249614\" data-element_type=\"container\" data-e-type=\"container\">\n\t\t\t\t<div class=\"elementor-element elementor-element-811cd9b animated-slow elementor-invisible elementor-widget elementor-widget-heading\" data-id=\"811cd9b\" data-element_type=\"widget\" data-e-type=\"widget\" data-settings=\"{&quot;_animation&quot;:&quot;fadeInUp&quot;}\" data-widget_type=\"heading.default\">\n\t\t\t\t<div class=\"elementor-widget-container\">\n\t\t\t\t\t<h3 class=\"elementor-heading-title elementor-size-default\">NOSSOS DIFERENCIAIS<\/h3>\t\t\t\t<\/div>\n\t\t\t\t<\/div>\n\t\t\t\t<\/div>\n\t\t<div class=\"elementor-element elementor-element-697c589 e-con-full e-flex wpr-particle-no wpr-jarallax-no wpr-parallax-no wpr-sticky-section-no e-con e-child\" data-id=\"697c589\" data-element_type=\"container\" data-e-type=\"container\">\n\t\t\t\t<div class=\"elementor-element elementor-element-98845ae elementor-widget elementor-widget-text-editor\" data-id=\"98845ae\" data-element_type=\"widget\" data-e-type=\"widget\" data-widget_type=\"text-editor.default\">\n\t\t\t\t<div class=\"elementor-widget-container\">\n\t\t\t\t\t\t\t\t\t<ol><li>Programa semanal, quinzenal ou mensal de assist\u00eancia t\u00e9cnica, conforme a necessidade de cada cliente.<\/li><li>Execu\u00e7\u00e3o e monitoramento de toda a sistem\u00e1tica de dosagens dos produtos qu\u00edmicos utilizados no tratamento da \u00e1gua.<\/li><li>An\u00e1lises f\u00edsico-qu\u00edmicas da \u00e1gua e dos componentes ativos do tratamento.<\/li><li>Testes de avalia\u00e7\u00e3o da taxa de corros\u00e3o.<\/li><li>Fornecimento sob regime de comodato de bombas dosadoras, sistemas para automa\u00e7\u00e3o de dosagens e purgas, abrandadores, filtros, entre outros.<\/li><li>Coordena\u00e7\u00e3o t\u00e9cnica do tratamento da \u00e1gua junto ao CREA.<\/li><li>Acompanhamento em vistorias e inspe\u00e7\u00f5es em caldeiras e trocadores de calor, com gera\u00e7\u00e3o de relat\u00f3rios.<\/li><li>Log\u00edstica reversa para o recolhimento de embalagens vazias.<\/li><li>Limpezas qu\u00edmicas em condensadores de CHILLERS de Centrais de Ar Condicionado e Frio Alimentar.<\/li><li>Limpezas qu\u00edmicas on-line em caldeiras.<\/li><\/ol>\t\t\t\t\t\t\t\t<\/div>\n\t\t\t\t<\/div>\n\t\t\t\t<\/div>\n\t\t\t\t\t<\/div>\n\t\t\t\t<\/div>\n\t\t<div class=\"elementor-element elementor-element-2941daac e-flex e-con-boxed wpr-particle-no wpr-jarallax-no wpr-parallax-no wpr-sticky-section-no e-con e-parent\" data-id=\"2941daac\" data-element_type=\"container\" data-e-type=\"container\">\n\t\t\t\t\t<div class=\"e-con-inner\">\n\t\t\t\t<div class=\"elementor-element elementor-element-b48695b animated-slow elementor-invisible elementor-widget elementor-widget-heading\" data-id=\"b48695b\" data-element_type=\"widget\" data-e-type=\"widget\" data-settings=\"{&quot;_animation&quot;:&quot;fadeInUp&quot;}\" data-widget_type=\"heading.default\">\n\t\t\t\t<div class=\"elementor-widget-container\">\n\t\t\t\t\t<h3 class=\"elementor-heading-title elementor-size-default\">Automatiza\u00e7\u00e3o do Tratamento<\/h3>\t\t\t\t<\/div>\n\t\t\t\t<\/div>\n\t\t\t\t\t<\/div>\n\t\t\t\t<\/div>\n\t\t<div class=\"elementor-element elementor-element-e06b9ed e-flex e-con-boxed wpr-particle-no wpr-jarallax-no wpr-parallax-no wpr-sticky-section-no e-con e-parent\" data-id=\"e06b9ed\" data-element_type=\"container\" data-e-type=\"container\">\n\t\t\t\t\t<div class=\"e-con-inner\">\n\t\t<div class=\"elementor-element elementor-element-73f7551b e-con-full e-flex wpr-particle-no wpr-jarallax-no wpr-parallax-no wpr-sticky-section-no e-con e-child\" data-id=\"73f7551b\" data-element_type=\"container\" data-e-type=\"container\">\n\t\t\t\t<div class=\"elementor-element elementor-element-37163592 elementor-widget elementor-widget-image\" data-id=\"37163592\" data-element_type=\"widget\" data-e-type=\"widget\" data-widget_type=\"image.default\">\n\t\t\t\t<div class=\"elementor-widget-container\">\n\t\t\t\t\t\t\t\t\t\t\t\t\t\t\t<img fetchpriority=\"high\" decoding=\"async\" width=\"1024\" height=\"576\" src=\"https:\/\/marchandchimie.com.br\/wp-content\/uploads\/2024\/11\/Design-sem-nome-1-1-1024x576.jpg\" class=\"attachment-large size-large wp-image-124\" alt=\"\" srcset=\"https:\/\/marchandchimie.com.br\/wp-content\/uploads\/2024\/11\/Design-sem-nome-1-1-1024x576.jpg 1024w, https:\/\/marchandchimie.com.br\/wp-content\/uploads\/2024\/11\/Design-sem-nome-1-1-300x169.jpg 300w, https:\/\/marchandchimie.com.br\/wp-content\/uploads\/2024\/11\/Design-sem-nome-1-1-768x432.jpg 768w, https:\/\/marchandchimie.com.br\/wp-content\/uploads\/2024\/11\/Design-sem-nome-1-1.jpg 1280w\" sizes=\"(max-width: 1024px) 100vw, 1024px\" \/>\t\t\t\t\t\t\t\t\t\t\t\t\t\t\t<\/div>\n\t\t\t\t<\/div>\n\t\t\t\t<\/div>\n\t\t\t\t\t<\/div>\n\t\t\t\t<\/div>\n\t\t<div class=\"elementor-element elementor-element-7d4adb71 e-flex e-con-boxed wpr-particle-no wpr-jarallax-no wpr-parallax-no wpr-sticky-section-no e-con e-parent\" data-id=\"7d4adb71\" data-element_type=\"container\" data-e-type=\"container\">\n\t\t\t\t\t<div class=\"e-con-inner\">\n\t\t\t\t<div class=\"elementor-element elementor-element-78de5e94 animated-slow elementor-invisible elementor-widget elementor-widget-heading\" data-id=\"78de5e94\" data-element_type=\"widget\" data-e-type=\"widget\" data-settings=\"{&quot;_animation&quot;:&quot;fadeInUp&quot;}\" data-widget_type=\"heading.default\">\n\t\t\t\t<div class=\"elementor-widget-container\">\n\t\t\t\t\t<h3 class=\"elementor-heading-title elementor-size-default\">Opera\u00e7\u00e3o de Limpezas Qu\u00edmicas<\/h3>\t\t\t\t<\/div>\n\t\t\t\t<\/div>\n\t\t\t\t\t<\/div>\n\t\t\t\t<\/div>\n\t\t<div class=\"elementor-element elementor-element-3957449d e-flex e-con-boxed wpr-particle-no wpr-jarallax-no wpr-parallax-no wpr-sticky-section-no e-con e-parent\" data-id=\"3957449d\" data-element_type=\"container\" data-e-type=\"container\">\n\t\t\t\t\t<div class=\"e-con-inner\">\n\t\t<div class=\"elementor-element elementor-element-50a7fbdb e-con-full e-flex wpr-particle-no wpr-jarallax-no wpr-parallax-no wpr-sticky-section-no e-con e-child\" data-id=\"50a7fbdb\" data-element_type=\"container\" data-e-type=\"container\">\n\t\t\t\t<div class=\"elementor-element elementor-element-249ee558 elementor-widget elementor-widget-image\" data-id=\"249ee558\" data-element_type=\"widget\" data-e-type=\"widget\" data-widget_type=\"image.default\">\n\t\t\t\t<div class=\"elementor-widget-container\">\n\t\t\t\t\t\t\t\t\t\t\t\t\t\t\t<img decoding=\"async\" width=\"1024\" height=\"576\" src=\"https:\/\/marchandchimie.com.br\/wp-content\/uploads\/2024\/11\/Design-sem-nome-2-1024x576.jpg\" class=\"attachment-large size-large wp-image-129\" alt=\"\" srcset=\"https:\/\/marchandchimie.com.br\/wp-content\/uploads\/2024\/11\/Design-sem-nome-2-1024x576.jpg 1024w, https:\/\/marchandchimie.com.br\/wp-content\/uploads\/2024\/11\/Design-sem-nome-2-300x169.jpg 300w, https:\/\/marchandchimie.com.br\/wp-content\/uploads\/2024\/11\/Design-sem-nome-2-768x432.jpg 768w, https:\/\/marchandchimie.com.br\/wp-content\/uploads\/2024\/11\/Design-sem-nome-2.jpg 1280w\" sizes=\"(max-width: 1024px) 100vw, 1024px\" \/>\t\t\t\t\t\t\t\t\t\t\t\t\t\t\t<\/div>\n\t\t\t\t<\/div>\n\t\t\t\t<\/div>\n\t\t\t\t\t<\/div>\n\t\t\t\t<\/div>\n\t\t<div class=\"elementor-element elementor-element-798863ce e-flex e-con-boxed wpr-particle-no wpr-jarallax-no wpr-parallax-no wpr-sticky-section-no e-con e-parent\" data-id=\"798863ce\" data-element_type=\"container\" data-e-type=\"container\">\n\t\t\t\t\t<div class=\"e-con-inner\">\n\t\t\t\t<div class=\"elementor-element elementor-element-bc9e848 animated-slow elementor-invisible elementor-widget elementor-widget-heading\" data-id=\"bc9e848\" data-element_type=\"widget\" data-e-type=\"widget\" data-settings=\"{&quot;_animation&quot;:&quot;fadeInUp&quot;}\" data-widget_type=\"heading.default\">\n\t\t\t\t<div class=\"elementor-widget-container\">\n\t\t\t\t\t<h3 class=\"elementor-heading-title elementor-size-default\">Teste de Avalia\u00e7\u00e3o da Taxa de Corros\u00e3o dos Produtos<\/h3>\t\t\t\t<\/div>\n\t\t\t\t<\/div>\n\t\t\t\t\t<\/div>\n\t\t\t\t<\/div>\n\t\t<div class=\"elementor-element elementor-element-7f8f8dcd e-flex e-con-boxed wpr-particle-no wpr-jarallax-no wpr-parallax-no wpr-sticky-section-no e-con e-parent\" data-id=\"7f8f8dcd\" data-element_type=\"container\" data-e-type=\"container\">\n\t\t\t\t\t<div class=\"e-con-inner\">\n\t\t<div class=\"elementor-element elementor-element-18d86eea e-con-full e-flex wpr-particle-no wpr-jarallax-no wpr-parallax-no wpr-sticky-section-no e-con e-child\" data-id=\"18d86eea\" data-element_type=\"container\" data-e-type=\"container\">\n\t\t\t\t<div class=\"elementor-element elementor-element-5cf90ad1 elementor-widget elementor-widget-image\" data-id=\"5cf90ad1\" data-element_type=\"widget\" data-e-type=\"widget\" data-widget_type=\"image.default\">\n\t\t\t\t<div class=\"elementor-widget-container\">\n\t\t\t\t\t\t\t\t\t\t\t\t\t\t\t<img decoding=\"async\" width=\"1024\" height=\"544\" src=\"https:\/\/marchandchimie.com.br\/wp-content\/uploads\/2025\/02\/3-1-e1740149373531-1024x544.jpg\" class=\"attachment-large size-large wp-image-321\" alt=\"\" srcset=\"https:\/\/marchandchimie.com.br\/wp-content\/uploads\/2025\/02\/3-1-e1740149373531-1024x544.jpg 1024w, https:\/\/marchandchimie.com.br\/wp-content\/uploads\/2025\/02\/3-1-e1740149373531-300x159.jpg 300w, https:\/\/marchandchimie.com.br\/wp-content\/uploads\/2025\/02\/3-1-e1740149373531-768x408.jpg 768w, https:\/\/marchandchimie.com.br\/wp-content\/uploads\/2025\/02\/3-1-e1740149373531.jpg 1280w\" sizes=\"(max-width: 1024px) 100vw, 1024px\" \/>\t\t\t\t\t\t\t\t\t\t\t\t\t\t\t<\/div>\n\t\t\t\t<\/div>\n\t\t\t\t<\/div>\n\t\t\t\t\t<\/div>\n\t\t\t\t<\/div>\n\t\t\t\t<\/div>\n\t\t","protected":false},"excerpt":{"rendered":"<p>ALINHANDO TECNOLOGIA DE PONTA A UM ATENDIMENTO PERSONALIZADO PARA CADA UM DE NOSSOS CLIENTES Contando com um corpo t\u00e9cnico altamente qualificado, a MARCHAND CHIMIE est\u00e1 preparada para apresentar a melhor solu\u00e7\u00e3o em tratamento de \u00e1gua. NOSSOS DIFERENCIAIS Programa semanal, quinzenal ou mensal de assist\u00eancia t\u00e9cnica, conforme a necessidade de cada cliente. Execu\u00e7\u00e3o e monitoramento de toda a sistem\u00e1tica de dosagens dos produtos qu\u00edmicos utilizados no tratamento da \u00e1gua. An\u00e1lises f\u00edsico-qu\u00edmicas da \u00e1gua e dos componentes ativos do tratamento. Testes de avalia\u00e7\u00e3o da taxa de corros\u00e3o. Fornecimento sob regime de comodato de bombas dosadoras, sistemas para automa\u00e7\u00e3o de dosagens e purgas, abrandadores, filtros, entre outros. Coordena\u00e7\u00e3o t\u00e9cnica do tratamento da \u00e1gua junto ao CREA. Acompanhamento em vistorias e inspe\u00e7\u00f5es em caldeiras e trocadores de calor, com gera\u00e7\u00e3o de relat\u00f3rios. Log\u00edstica reversa para o recolhimento de embalagens vazias. Limpezas qu\u00edmicas em condensadores de CHILLERS de Centrais de Ar Condicionado e Frio Alimentar. Limpezas qu\u00edmicas on-line em caldeiras. Automatiza\u00e7\u00e3o do Tratamento Opera\u00e7\u00e3o de Limpezas Qu\u00edmicas Teste de Avalia\u00e7\u00e3o da Taxa de Corros\u00e3o dos Produtos<\/p>\n","protected":false},"author":1,"featured_media":0,"parent":0,"menu_order":0,"comment_status":"closed","ping_status":"closed","template":"","meta":{"site-sidebar-layout":"no-sidebar","site-content-layout":"","ast-site-content-layout":"full-width-container","site-content-style":"default","site-sidebar-style":"default","ast-global-header-display":"","ast-banner-title-visibility":"","ast-main-header-display":"","ast-hfb-above-header-display":"","ast-hfb-below-header-display":"","ast-hfb-mobile-header-display":"","site-post-title":"disabled","ast-breadcrumbs-content":"","ast-featured-img":"disabled","footer-sml-layout":"","ast-disable-related-posts":"","theme-transparent-header-meta":"","adv-header-id-meta":"","stick-header-meta":"","header-above-stick-meta":"","header-main-stick-meta":"","header-below-stick-meta":"","astra-migrate-meta-layouts":"default","ast-page-background-enabled":"default","ast-page-background-meta":{"desktop":{"background-color":"var(--ast-global-color-5)","background-image":"","background-repeat":"repeat","background-position":"center center","background-size":"auto","background-attachment":"scroll","background-type":"","background-media":"","overlay-type":"","overlay-color":"","overlay-opacity":"","overlay-gradient":""},"tablet":{"background-color":"","background-image":"","background-repeat":"repeat","background-position":"center center","background-size":"auto","background-attachment":"scroll","background-type":"","background-media":"","overlay-type":"","overlay-color":"","overlay-opacity":"","overlay-gradient":""},"mobile":{"background-color":"","background-image":"","background-repeat":"repeat","background-position":"center center","background-size":"auto","background-attachment":"scroll","background-type":"","background-media":"","overlay-type":"","overlay-color":"","overlay-opacity":"","overlay-gradient":""}},"ast-content-background-meta":{"desktop":{"background-color":"var(--ast-global-color-4)","background-image":"","background-repeat":"repeat","background-position":"center center","background-size":"auto","background-attachment":"scroll","background-type":"","background-media":"","overlay-type":"","overlay-color":"","overlay-opacity":"","overlay-gradient":""},"tablet":{"background-color":"var(--ast-global-color-4)","background-image":"","background-repeat":"repeat","background-position":"center center","background-size":"auto","background-attachment":"scroll","background-type":"","background-media":"","overlay-type":"","overlay-color":"","overlay-opacity":"","overlay-gradient":""},"mobile":{"background-color":"var(--ast-global-color-4)","background-image":"","background-repeat":"repeat","background-position":"center center","background-size":"auto","background-attachment":"scroll","background-type":"","background-media":"","overlay-type":"","overlay-color":"","overlay-opacity":"","overlay-gradient":""}},"footnotes":""},"class_list":["post-12","page","type-page","status-publish","hentry"],"_links":{"self":[{"href":"https:\/\/marchandchimie.com.br\/index.php\/wp-json\/wp\/v2\/pages\/12","targetHints":{"allow":["GET"]}}],"collection":[{"href":"https:\/\/marchandchimie.com.br\/index.php\/wp-json\/wp\/v2\/pages"}],"about":[{"href":"https:\/\/marchandchimie.com.br\/index.php\/wp-json\/wp\/v2\/types\/page"}],"author":[{"embeddable":true,"href":"https:\/\/marchandchimie.com.br\/index.php\/wp-json\/wp\/v2\/users\/1"}],"replies":[{"embeddable":true,"href":"https:\/\/marchandchimie.com.br\/index.php\/wp-json\/wp\/v2\/comments?post=12"}],"version-history":[{"count":7,"href":"https:\/\/marchandchimie.com.br\/index.php\/wp-json\/wp\/v2\/pages\/12\/revisions"}],"predecessor-version":[{"id":481,"href":"https:\/\/marchandchimie.com.br\/index.php\/wp-json\/wp\/v2\/pages\/12\/revisions\/481"}],"wp:attachment":[{"href":"https:\/\/marchandchimie.com.br\/index.php\/wp-json\/wp\/v2\/media?parent=12"}],"curies":[{"name":"wp","href":"https:\/\/api.w.org\/{rel}","templated":true}]}}